{"id":291,"date":"2021-02-22T16:16:44","date_gmt":"2021-02-22T16:16:44","guid":{"rendered":"http:\/\/sinusaudio.pl\/?page_id=291"},"modified":"2021-02-23T17:24:16","modified_gmt":"2021-02-23T17:24:16","slug":"przedwzmacniacze-lampowe","status":"publish","type":"page","link":"http:\/\/sinusaudio.pl\/?page_id=291","title":{"rendered":"Przedwzmacniacze Lampowe"},"content":{"rendered":"<div data-colibri-id=\"291-c1\" class=\"style-374 style-local-291-c1 position-relative\">\n  <!---->\n  <div data-colibri-component=\"section\" data-colibri-id=\"291-c2\" id=\"custom\" class=\"h-section h-section-global-spacing d-flex align-items-lg-center align-items-md-center align-items-center style-375 style-local-291-c2 position-relative\">\n    <!---->\n    <!---->\n    <div class=\"h-section-grid-container h-section-boxed-container\">\n      <!---->\n      <div data-colibri-id=\"291-c3\" class=\"h-row-container gutters-row-lg-2 gutters-row-md-2 gutters-row-0 gutters-row-v-lg-2 gutters-row-v-md-2 gutters-row-v-2 style-376 style-local-291-c3 position-relative\">\n        <!---->\n        <div class=\"h-row justify-content-lg-center justify-content-md-center justify-content-center align-items-lg-stretch align-items-md-stretch align-items-stretch gutters-col-lg-2 gutters-col-md-2 gutters-col-0 gutters-col-v-lg-2 gutters-col-v-md-2 gutters-col-v-2\">\n          <!---->\n          <div class=\"h-column h-column-container d-flex h-col-lg-auto h-col-md-auto h-col-auto style-377-outer style-local-291-c4-outer\">\n            <div data-colibri-id=\"291-c4\" class=\"d-flex h-flex-basis h-column__inner h-px-lg-2 h-px-md-2 h-px-2 v-inner-lg-2 v-inner-md-2 v-inner-2 style-377 style-local-291-c4 position-relative\">\n              <!---->\n              <!---->\n              <div class=\"w-100 h-y-container h-column__content h-column__v-align flex-basis-100 align-self-lg-start align-self-md-start align-self-start\">\n                <!---->\n                <div data-colibri-id=\"291-c6\" class=\"h-text h-text-component style-379 style-local-291-c6 position-relative h-element\">\n                  <!---->\n                  <!---->\n                  <div class=\"\">\n                    <div id=\"envira-gallery-wrap-694\" class=\"envira-gallery-wrap envira-gallery-theme-base envira-lightbox-theme-base\" itemscope itemtype=\"https:\/\/schema.org\/ImageGallery\"><div data-row-height=\"\" data-gallery-theme=\"\" id=\"envira-gallery-694\" class=\"envira-gallery-public  envira-gallery-3-columns envira-clear enviratope envira-gallery-css-animations\" data-envira-columns=\"3\"><div id=\"envira-gallery-item-696\" class=\"envira-gallery-item enviratope-item envira-gallery-item-1 envira-lazy-load\" style=\"padding-left: 5px; padding-bottom: 10px; padding-right: 5px;\"  itemscope itemtype=\"https:\/\/schema.org\/ImageObject\"><div class=\"envira-gallery-item-inner\"><div class=\"envira-gallery-position-overlay  envira-gallery-top-left\"><\/div><div class=\"envira-gallery-position-overlay  envira-gallery-top-right\"><\/div><div class=\"envira-gallery-position-overlay  envira-gallery-bottom-left\"><\/div><div class=\"envira-gallery-position-overlay  envira-gallery-bottom-right\"><\/div><a href=\"http:\/\/sinusaudio.pl\/wp-content\/uploads\/2021\/02\/27368689_1943791522315504_3462654728582374360_o.jpg\" class=\"envira-gallery-694 envira-gallery-link\" rel=\"enviragallery694\" title=\"Przedwzmacniacz gramofonowy RIAA DualMono\" data-envira-caption=\"Przedwzmacniacz gramofonowy RIAA DualMono\" data-envira-retina=\"\" data-thumbnail=\"\"  itemprop=\"contentUrl\"><div class=\"envira-lazy\" data-test-width=\"640\" data-test-height=\"480\" style=\"padding-bottom:75%;\"><img decoding=\"async\" id=\"envira-gallery-image-696\" class=\"envira-gallery-image envira-gallery-image-1\" data-envira-index=\"1\" src=\"http:\/\/sinusaudio.pl\/wp-content\/uploads\/2021\/02\/27368689_1943791522315504_3462654728582374360_o-300x225.jpg\" data-envira-src=\"http:\/\/sinusaudio.pl\/wp-content\/uploads\/2021\/02\/27368689_1943791522315504_3462654728582374360_o-300x225.jpg\" data-envira-gallery-id=\"694\" data-envira-item-id=\"696\" data-envira-caption=\"Przedwzmacniacz gramofonowy RIAA DualMono\" alt=\"Przedwzmacniacz gramofonowy RIAA DualMono\" title=\"Przedwzmacniacz gramofonowy RIAA DualMono\"  itemprop=\"thumbnailUrl\" data-envira-srcset=\"http:\/\/sinusaudio.pl\/wp-content\/uploads\/2021\/02\/27368689_1943791522315504_3462654728582374360_o-300x225.jpg 400w,http:\/\/sinusaudio.pl\/wp-content\/uploads\/2021\/02\/27368689_1943791522315504_3462654728582374360_o-300x225.jpg 2x\" srcset=\"data:image\/gif;base64,R0lGODlhAQABAIAAAP\/\/\/\/\/\/\/yH5BAEKAAEALAAAAAABAAEAAAICTAEAOw==\" \/><\/div><\/a><\/div><\/div><div id=\"envira-gallery-item-697\" class=\"envira-gallery-item enviratope-item envira-gallery-item-2 envira-lazy-load\" style=\"padding-left: 5px; padding-bottom: 10px; padding-right: 5px;\"  itemscope itemtype=\"https:\/\/schema.org\/ImageObject\"><div class=\"envira-gallery-item-inner\"><div class=\"envira-gallery-position-overlay  envira-gallery-top-left\"><\/div><div class=\"envira-gallery-position-overlay  envira-gallery-top-right\"><\/div><div class=\"envira-gallery-position-overlay  envira-gallery-bottom-left\"><\/div><div class=\"envira-gallery-position-overlay  envira-gallery-bottom-right\"><\/div><a href=\"http:\/\/sinusaudio.pl\/wp-content\/uploads\/2021\/02\/sinsuaudio_internet_01.jpg\" class=\"envira-gallery-694 envira-gallery-link\" rel=\"enviragallery694\" title=\"Przedwzmacniacz gramofonowy RIAA DualMono\" data-envira-caption=\"Przedwzmacniacz gramofonowy RIAA DualMono\" data-envira-retina=\"\" data-thumbnail=\"\"  itemprop=\"contentUrl\"><div class=\"envira-lazy\" data-test-width=\"640\" data-test-height=\"480\" style=\"padding-bottom:75%;\"><img decoding=\"async\" id=\"envira-gallery-image-697\" class=\"envira-gallery-image envira-gallery-image-2\" data-envira-index=\"2\" src=\"http:\/\/sinusaudio.pl\/wp-content\/uploads\/2021\/02\/sinsuaudio_internet_01-300x225.jpg\" data-envira-src=\"http:\/\/sinusaudio.pl\/wp-content\/uploads\/2021\/02\/sinsuaudio_internet_01-300x225.jpg\" data-envira-gallery-id=\"694\" data-envira-item-id=\"697\" data-envira-caption=\"Przedwzmacniacz gramofonowy RIAA DualMono\" alt=\"Przedwzmacniacz gramofonowy RIAA DualMono\" title=\"Przedwzmacniacz gramofonowy RIAA DualMono\"  itemprop=\"thumbnailUrl\" data-envira-srcset=\"http:\/\/sinusaudio.pl\/wp-content\/uploads\/2021\/02\/sinsuaudio_internet_01-300x225.jpg 400w,http:\/\/sinusaudio.pl\/wp-content\/uploads\/2021\/02\/sinsuaudio_internet_01-300x225.jpg 2x\" srcset=\"data:image\/gif;base64,R0lGODlhAQABAIAAAP\/\/\/\/\/\/\/yH5BAEKAAEALAAAAAABAAEAAAICTAEAOw==\" \/><\/div><\/a><\/div><\/div><div id=\"envira-gallery-item-698\" class=\"envira-gallery-item enviratope-item envira-gallery-item-3 envira-lazy-load\" style=\"padding-left: 5px; padding-bottom: 10px; padding-right: 5px;\"  itemscope itemtype=\"https:\/\/schema.org\/ImageObject\"><div class=\"envira-gallery-item-inner\"><div class=\"envira-gallery-position-overlay  envira-gallery-top-left\"><\/div><div class=\"envira-gallery-position-overlay  envira-gallery-top-right\"><\/div><div class=\"envira-gallery-position-overlay  envira-gallery-bottom-left\"><\/div><div class=\"envira-gallery-position-overlay  envira-gallery-bottom-right\"><\/div><a href=\"http:\/\/sinusaudio.pl\/wp-content\/uploads\/2021\/02\/sinsuaudio_internet_02.jpg\" class=\"envira-gallery-694 envira-gallery-link\" rel=\"enviragallery694\" title=\"Przedwzmacniacz gramofonowy RIAA DualMono\" data-envira-caption=\"Przedwzmacniacz gramofonowy RIAA DualMono\" data-envira-retina=\"\" data-thumbnail=\"\"  itemprop=\"contentUrl\"><div class=\"envira-lazy\" data-test-width=\"640\" data-test-height=\"480\" style=\"padding-bottom:75%;\"><img decoding=\"async\" id=\"envira-gallery-image-698\" class=\"envira-gallery-image envira-gallery-image-3\" data-envira-index=\"3\" src=\"http:\/\/sinusaudio.pl\/wp-content\/uploads\/2021\/02\/sinsuaudio_internet_02-300x225.jpg\" data-envira-src=\"http:\/\/sinusaudio.pl\/wp-content\/uploads\/2021\/02\/sinsuaudio_internet_02-300x225.jpg\" data-envira-gallery-id=\"694\" data-envira-item-id=\"698\" data-envira-caption=\"Przedwzmacniacz gramofonowy RIAA DualMono\" alt=\"Przedwzmacniacz gramofonowy RIAA DualMono\" title=\"Przedwzmacniacz gramofonowy RIAA DualMono\"  itemprop=\"thumbnailUrl\" data-envira-srcset=\"http:\/\/sinusaudio.pl\/wp-content\/uploads\/2021\/02\/sinsuaudio_internet_02-300x225.jpg 400w,http:\/\/sinusaudio.pl\/wp-content\/uploads\/2021\/02\/sinsuaudio_internet_02-300x225.jpg 2x\" srcset=\"data:image\/gif;base64,R0lGODlhAQABAIAAAP\/\/\/\/\/\/\/yH5BAEKAAEALAAAAAABAAEAAAICTAEAOw==\" \/><\/div><\/a><\/div><\/div><\/div><\/div><noscript><img decoding=\"async\" src=\"http:\/\/sinusaudio.pl\/wp-content\/uploads\/2021\/02\/27368689_1943791522315504_3462654728582374360_o.jpg\" alt=\"Przedwzmacniacz gramofonowy RIAA DualMono\" \/><img decoding=\"async\" src=\"http:\/\/sinusaudio.pl\/wp-content\/uploads\/2021\/02\/sinsuaudio_internet_01.jpg\" alt=\"Przedwzmacniacz gramofonowy RIAA DualMono\" \/><img decoding=\"async\" src=\"http:\/\/sinusaudio.pl\/wp-content\/uploads\/2021\/02\/sinsuaudio_internet_02.jpg\" alt=\"Przedwzmacniacz gramofonowy RIAA DualMono\" \/><\/noscript>\n                    <p>\n                      <br>\n                    <\/p>\n                    <p>\n                      <br>\n                    <\/p>\n                  <\/div>\n                <\/div>\n              <\/div>\n            <\/div>\n          <\/div>\n          <div class=\"h-column h-column-container d-flex h-col-lg-auto h-col-md-auto h-col-auto style-378-outer style-local-291-c5-outer\">\n            <div data-colibri-id=\"291-c5\" class=\"d-flex h-flex-basis h-column__inner h-px-lg-2 h-px-md-2 h-px-2 v-inner-lg-2 v-inner-md-2 v-inner-2 style-378 style-local-291-c5 position-relative\">\n              <!---->\n              <!---->\n              <div class=\"w-100 h-y-container h-column__content h-column__v-align flex-basis-100 align-self-lg-start align-self-md-start align-self-start\">\n                <!---->\n                <div data-colibri-id=\"291-c7\" class=\"h-text h-text-component style-380 style-local-291-c7 position-relative h-element\">\n                  <!---->\n                  <!---->\n                  <div class=\"\">\n                    <p><strong style=\"font-size: 16px; font-family: &quot;Open Sans&quot;, sans-serif; color: rgb(129, 129, 129); font-weight: 700;\">Przedwzmacniacz lampowy RIAA DualMono MM<\/strong><\/p>\n                    <p>Transformator sieciowy toroidalny wersja audio\n                      <br>Zasilanie dual mono \u2013 zasilacz aktywny na IRFP450<\/p>\n                    <p>Kondensatory w torze audio Mundorf EVO Aluminium Oil\n                      <br>Rezystory Vishay 1%\n                      <br>Gniazda RCA CMC\n                      <br>Monta\u017c przewzmacniacza PCB\n                      <br>Lampy wej\u015bciowe 12AX7<\/p>\n                  <\/div>\n                <\/div>\n              <\/div>\n            <\/div>\n          <\/div>\n        <\/div>\n      <\/div>\n      <div data-colibri-id=\"291-c8\" class=\"h-row-container gutters-row-lg-2 gutters-row-md-2 gutters-row-0 gutters-row-v-lg-2 gutters-row-v-md-2 gutters-row-v-2 style-381 style-local-291-c8 position-relative\">\n        <!---->\n        <div class=\"h-row justify-content-lg-center justify-content-md-center justify-content-center align-items-lg-stretch align-items-md-stretch align-items-stretch gutters-col-lg-2 gutters-col-md-2 gutters-col-0 gutters-col-v-lg-2 gutters-col-v-md-2 gutters-col-v-2\">\n          <!---->\n          <div class=\"h-column h-column-container d-flex h-col-lg-auto h-col-md-auto h-col-auto style-382-outer style-local-291-c9-outer\">\n            <div data-colibri-id=\"291-c9\" class=\"d-flex h-flex-basis h-column__inner h-px-lg-2 h-px-md-2 h-px-2 v-inner-lg-2 v-inner-md-2 v-inner-2 style-382 style-local-291-c9 position-relative\">\n              <!---->\n              <!---->\n              <div class=\"w-100 h-y-container h-column__content h-column__v-align flex-basis-100 align-self-lg-start align-self-md-start align-self-start\">\n                <!---->\n                <div data-colibri-id=\"291-c11\" class=\"h-divider style-385 style-local-291-c11 position-relative h-element\">\n                  <!----><span class=\"h-divider__line style-385-line style-local-291-c11-line style-385-line style-local-291-c11-line\"><\/span><\/div>\n              <\/div>\n            <\/div>\n          <\/div>\n        <\/div>\n      <\/div>\n      <div data-colibri-id=\"291-c12\" class=\"h-row-container gutters-row-lg-2 gutters-row-md-2 gutters-row-0 gutters-row-v-lg-2 gutters-row-v-md-2 gutters-row-v-2 style-386 style-local-291-c12 position-relative\">\n        <!---->\n        <div class=\"h-row justify-content-lg-center justify-content-md-center justify-content-center align-items-lg-stretch align-items-md-stretch align-items-stretch gutters-col-lg-2 gutters-col-md-2 gutters-col-0 gutters-col-v-lg-2 gutters-col-v-md-2 gutters-col-v-2\">\n          <!---->\n          <div class=\"h-column h-column-container d-flex h-col-lg-auto h-col-md-auto h-col-auto style-387-outer style-local-291-c13-outer\">\n            <div data-colibri-id=\"291-c13\" class=\"d-flex h-flex-basis h-column__inner h-px-lg-2 h-px-md-2 h-px-2 v-inner-lg-2 v-inner-md-2 v-inner-2 style-387 style-local-291-c13 position-relative\">\n              <!---->\n              <!---->\n              <div class=\"w-100 h-y-container h-column__content h-column__v-align flex-basis-100 align-self-lg-start align-self-md-start align-self-start\">\n                <!---->\n                <div data-colibri-id=\"291-c15\" class=\"h-text h-text-component style-389 style-local-291-c15 position-relative h-element\">\n                  <!---->\n                  <!---->\n                  <div class=\"\">\n                    <div id=\"envira-gallery-wrap-706\" class=\"envira-gallery-wrap envira-gallery-theme-base envira-lightbox-theme-base\" itemscope itemtype=\"https:\/\/schema.org\/ImageGallery\"><div data-row-height=\"\" data-gallery-theme=\"\" id=\"envira-gallery-706\" class=\"envira-gallery-public  envira-gallery-1-columns envira-clear enviratope envira-gallery-css-animations\" data-envira-columns=\"1\"><div id=\"envira-gallery-item-707\" class=\"envira-gallery-item enviratope-item envira-gallery-item-1 envira-lazy-load\" style=\"padding-left: 5px; padding-bottom: 10px; padding-right: 5px;\"  itemscope itemtype=\"https:\/\/schema.org\/ImageObject\"><div class=\"envira-gallery-item-inner\"><div class=\"envira-gallery-position-overlay  envira-gallery-top-left\"><\/div><div class=\"envira-gallery-position-overlay  envira-gallery-top-right\"><\/div><div class=\"envira-gallery-position-overlay  envira-gallery-bottom-left\"><\/div><div class=\"envira-gallery-position-overlay  envira-gallery-bottom-right\"><\/div><a href=\"http:\/\/sinusaudio.pl\/wp-content\/uploads\/2021\/02\/a-1.jpg\" class=\"envira-gallery-706 envira-gallery-link\" rel=\"enviragallery706\" title=\"Przedwzmacniacz Lampowy DualMono ProAudio\" data-envira-caption=\"Przedwzmacniacz Lampowy DualMono ProAudio\" data-envira-retina=\"\" data-thumbnail=\"\"  itemprop=\"contentUrl\"><div class=\"envira-lazy\" data-test-width=\"640\" data-test-height=\"480\" style=\"padding-bottom:75%;\"><img decoding=\"async\" id=\"envira-gallery-image-707\" class=\"envira-gallery-image envira-gallery-image-1\" data-envira-index=\"1\" src=\"http:\/\/sinusaudio.pl\/wp-content\/uploads\/2021\/02\/a-1-300x200.jpg\" data-envira-src=\"http:\/\/sinusaudio.pl\/wp-content\/uploads\/2021\/02\/a-1-300x200.jpg\" data-envira-gallery-id=\"706\" data-envira-item-id=\"707\" data-envira-caption=\"Przedwzmacniacz Lampowy DualMono ProAudio\" alt=\"Przedwzmacniacz Lampowy DualMono ProAudio\" title=\"Przedwzmacniacz Lampowy DualMono ProAudio\"  itemprop=\"thumbnailUrl\" data-envira-srcset=\"http:\/\/sinusaudio.pl\/wp-content\/uploads\/2021\/02\/a-1-300x200.jpg 400w,http:\/\/sinusaudio.pl\/wp-content\/uploads\/2021\/02\/a-1-300x200.jpg 2x\" srcset=\"data:image\/gif;base64,R0lGODlhAQABAIAAAP\/\/\/\/\/\/\/yH5BAEKAAEALAAAAAABAAEAAAICTAEAOw==\" \/><\/div><\/a><\/div><\/div><div id=\"envira-gallery-item-708\" class=\"envira-gallery-item enviratope-item envira-gallery-item-2 envira-lazy-load\" style=\"padding-left: 5px; padding-bottom: 10px; padding-right: 5px;\"  itemscope itemtype=\"https:\/\/schema.org\/ImageObject\"><div class=\"envira-gallery-item-inner\"><div class=\"envira-gallery-position-overlay  envira-gallery-top-left\"><\/div><div class=\"envira-gallery-position-overlay  envira-gallery-top-right\"><\/div><div class=\"envira-gallery-position-overlay  envira-gallery-bottom-left\"><\/div><div class=\"envira-gallery-position-overlay  envira-gallery-bottom-right\"><\/div><a href=\"http:\/\/sinusaudio.pl\/wp-content\/uploads\/2021\/02\/b.jpg\" class=\"envira-gallery-706 envira-gallery-link\" rel=\"enviragallery706\" title=\"Przedwzmacniacz Lampowy DualMono ProAudio\" data-envira-caption=\"Przedwzmacniacz Lampowy DualMono ProAudio\" data-envira-retina=\"\" data-thumbnail=\"\"  itemprop=\"contentUrl\"><div class=\"envira-lazy\" data-test-width=\"640\" data-test-height=\"480\" style=\"padding-bottom:75%;\"><img decoding=\"async\" id=\"envira-gallery-image-708\" class=\"envira-gallery-image envira-gallery-image-2\" data-envira-index=\"2\" src=\"http:\/\/sinusaudio.pl\/wp-content\/uploads\/2021\/02\/b-300x201.jpg\" data-envira-src=\"http:\/\/sinusaudio.pl\/wp-content\/uploads\/2021\/02\/b-300x201.jpg\" data-envira-gallery-id=\"706\" data-envira-item-id=\"708\" data-envira-caption=\"Przedwzmacniacz Lampowy DualMono ProAudio\" alt=\"Przedwzmacniacz Lampowy DualMono ProAudio\" title=\"Przedwzmacniacz Lampowy DualMono ProAudio\"  itemprop=\"thumbnailUrl\" data-envira-srcset=\"http:\/\/sinusaudio.pl\/wp-content\/uploads\/2021\/02\/b-300x201.jpg 400w,http:\/\/sinusaudio.pl\/wp-content\/uploads\/2021\/02\/b-300x201.jpg 2x\" srcset=\"data:image\/gif;base64,R0lGODlhAQABAIAAAP\/\/\/\/\/\/\/yH5BAEKAAEALAAAAAABAAEAAAICTAEAOw==\" \/><\/div><\/a><\/div><\/div><div id=\"envira-gallery-item-709\" class=\"envira-gallery-item enviratope-item envira-gallery-item-3 envira-lazy-load\" style=\"padding-left: 5px; padding-bottom: 10px; padding-right: 5px;\"  itemscope itemtype=\"https:\/\/schema.org\/ImageObject\"><div class=\"envira-gallery-item-inner\"><div class=\"envira-gallery-position-overlay  envira-gallery-top-left\"><\/div><div class=\"envira-gallery-position-overlay  envira-gallery-top-right\"><\/div><div class=\"envira-gallery-position-overlay  envira-gallery-bottom-left\"><\/div><div class=\"envira-gallery-position-overlay  envira-gallery-bottom-right\"><\/div><a href=\"http:\/\/sinusaudio.pl\/wp-content\/uploads\/2021\/02\/c.jpg\" class=\"envira-gallery-706 envira-gallery-link\" rel=\"enviragallery706\" title=\"Przedwzmacniacz Lampowy DualMono ProAudio\" data-envira-caption=\"Przedwzmacniacz Lampowy DualMono ProAudio\" data-envira-retina=\"\" data-thumbnail=\"\"  itemprop=\"contentUrl\"><div class=\"envira-lazy\" data-test-width=\"640\" data-test-height=\"480\" style=\"padding-bottom:75%;\"><img decoding=\"async\" id=\"envira-gallery-image-709\" class=\"envira-gallery-image envira-gallery-image-3\" data-envira-index=\"3\" src=\"http:\/\/sinusaudio.pl\/wp-content\/uploads\/2021\/02\/c-300x200.jpg\" data-envira-src=\"http:\/\/sinusaudio.pl\/wp-content\/uploads\/2021\/02\/c-300x200.jpg\" data-envira-gallery-id=\"706\" data-envira-item-id=\"709\" data-envira-caption=\"Przedwzmacniacz Lampowy DualMono ProAudio\" alt=\"Przedwzmacniacz Lampowy DualMono ProAudio\" title=\"Przedwzmacniacz Lampowy DualMono ProAudio\"  itemprop=\"thumbnailUrl\" data-envira-srcset=\"http:\/\/sinusaudio.pl\/wp-content\/uploads\/2021\/02\/c-300x200.jpg 400w,http:\/\/sinusaudio.pl\/wp-content\/uploads\/2021\/02\/c-300x200.jpg 2x\" srcset=\"data:image\/gif;base64,R0lGODlhAQABAIAAAP\/\/\/\/\/\/\/yH5BAEKAAEALAAAAAABAAEAAAICTAEAOw==\" \/><\/div><\/a><\/div><\/div><\/div><\/div><noscript><img decoding=\"async\" src=\"http:\/\/sinusaudio.pl\/wp-content\/uploads\/2021\/02\/a-1.jpg\" alt=\"Przedwzmacniacz Lampowy DualMono ProAudio\" \/><img decoding=\"async\" src=\"http:\/\/sinusaudio.pl\/wp-content\/uploads\/2021\/02\/b.jpg\" alt=\"Przedwzmacniacz Lampowy DualMono ProAudio\" \/><img decoding=\"async\" src=\"http:\/\/sinusaudio.pl\/wp-content\/uploads\/2021\/02\/c.jpg\" alt=\"Przedwzmacniacz Lampowy DualMono ProAudio\" \/><\/noscript>\n                    <p>\n                      <br>\n                    <\/p>\n                    <p>\n                      <br>\n                    <\/p>\n                    <p>\n                      <br>\n                    <\/p>\n                  <\/div>\n                <\/div>\n              <\/div>\n            <\/div>\n          <\/div>\n          <div class=\"h-column h-column-container d-flex h-col-lg-auto h-col-md-auto h-col-auto style-388-outer style-local-291-c14-outer\">\n            <div data-colibri-id=\"291-c14\" class=\"d-flex h-flex-basis h-column__inner h-px-lg-2 h-px-md-2 h-px-2 v-inner-lg-2 v-inner-md-2 v-inner-2 style-388 style-local-291-c14 position-relative\">\n              <!---->\n              <!---->\n              <div class=\"w-100 h-y-container h-column__content h-column__v-align flex-basis-100 align-self-lg-start align-self-md-start align-self-start\">\n                <!---->\n                <div data-colibri-id=\"291-c16\" class=\"h-text h-text-component style-390 style-local-291-c16 position-relative h-element\">\n                  <!---->\n                  <!---->\n                  <div class=\"\">\n                    <p><strong style=\"font-size: 16px; font-family: &quot;Open Sans&quot;, sans-serif; color: rgb(129, 129, 129); font-weight: 700;\">Przedwzmacniacz Lampowy DualMono ProAudio<\/strong><\/p>\n                    <p>Transformator sieciowy EI96\/59 , blacha wy\u017carzana 0,3mm, Ogonowski\n                      <br>D\u0142awik: 20H, blacha wy\u017carzana 0,3mm, Ogonowski<\/p>\n                    <p>Zasilanie lampowe 5C3S\n                      <br>Stabilizator napi\u0119cia ECL82\n                      <br>Lampa wej\u015bciowa 6SN7\n                      <br>Wt\u00f3rnik 6N6P<\/p>\n                    <p>Potencjometr KHozmo\n                      <br>Kondensatory w zasilaniu: Mundorf TubeCap\n                      <br>Kondensatory w torze audio: Miflex KPCU01\n                      <br>Rezystory w torze audio: DALE 1%\n                      <br>Gniazda RCA: CMC\n                      <br>Rezystory katodowe 6N6P: Ohmite Audio Gold Resistors\n                      <br>Podstawki pod lampy: Teflonowe<\/p>\n                    <p>Wyj\u015bcie s\u0142uchawkowe: 250Ohm<\/p>\n                    <p>Wej\u015bcia audio: RCA lub XLR\n                      <br>Wyj\u015bcie audio: RCA lub XLR<\/p>\n                    <p>\n                      <br>\n                    <\/p>\n                  <\/div>\n                <\/div>\n              <\/div>\n            <\/div>\n          <\/div>\n        <\/div>\n      <\/div>\n    <\/div>\n  <\/div>\n<\/div>","protected":false},"excerpt":{"rendered":"<p>Przedwzmacniacz lampowy RIAA DualMono MM Transformator sieciowy toroidalny wersja audio Zasilanie dual mono \u2013 zasilacz aktywny na IRFP450 Kondensatory w torze audio Mundorf EVO Aluminium Oil Rezystory Vishay 1% Gniazda RCA CMC Monta\u017c przewzmacniacza PCB Lampy wej\u015bciowe 12AX7 Przedwzmacniacz Lampowy DualMono ProAudio Transformator sieciowy EI96\/59 , blacha wy\u017carzana 0,3mm, Ogonowski D\u0142awik: 20H, blacha wy\u017carzana 0,3mm, [&hellip;]<\/p>\n","protected":false},"author":1,"featured_media":0,"parent":0,"menu_order":0,"comment_status":"closed","ping_status":"closed","template":"page-templates\/full-width-page.php","meta":{"footnotes":""},"class_list":["post-291","page","type-page","status-publish","hentry"],"_links":{"self":[{"href":"http:\/\/sinusaudio.pl\/index.php?rest_route=\/wp\/v2\/pages\/291","targetHints":{"allow":["GET"]}}],"collection":[{"href":"http:\/\/sinusaudio.pl\/index.php?rest_route=\/wp\/v2\/pages"}],"about":[{"href":"http:\/\/sinusaudio.pl\/index.php?rest_route=\/wp\/v2\/types\/page"}],"author":[{"embeddable":true,"href":"http:\/\/sinusaudio.pl\/index.php?rest_route=\/wp\/v2\/users\/1"}],"replies":[{"embeddable":true,"href":"http:\/\/sinusaudio.pl\/index.php?rest_route=%2Fwp%2Fv2%2Fcomments&post=291"}],"version-history":[{"count":6,"href":"http:\/\/sinusaudio.pl\/index.php?rest_route=\/wp\/v2\/pages\/291\/revisions"}],"predecessor-version":[{"id":1008,"href":"http:\/\/sinusaudio.pl\/index.php?rest_route=\/wp\/v2\/pages\/291\/revisions\/1008"}],"wp:attachment":[{"href":"http:\/\/sinusaudio.pl\/index.php?rest_route=%2Fwp%2Fv2%2Fmedia&parent=291"}],"curies":[{"name":"wp","href":"https:\/\/api.w.org\/{rel}","templated":true}]}}